{"id":8840,"date":"2022-01-20T16:13:15","date_gmt":"2022-01-20T15:13:15","guid":{"rendered":"http:\/\/www.mondotshirt.it\/?post_type=product&#038;p=8840"},"modified":"2024-11-10T17:19:46","modified_gmt":"2024-11-10T16:19:46","slug":"felpa-degli-innamorati","status":"publish","type":"product","link":"https:\/\/www.mondotshirt.it\/?product=felpa-degli-innamorati","title":{"rendered":"Assisi Alloro"},"content":{"rendered":"","protected":false},"excerpt":{"rendered":"<p>Felpa ricamata, con l&#8217;alloro, foglia di ulivo, e colomba della pace.<\/p>\n<p>La grafica si intende prettamente turistica verso la citt\u00e0 di Assisi, ma si pu\u00f2 ricamare con una vostra citt\u00e0 personalizzata.<\/p>\n<p>All&#8217;interno dell&#8217;alloro si potr\u00e0 inserire il logo della vostra citt\u00e0.<\/p>\n<p>Potete richiedere una grafica personalizzata.<\/p>\n","protected":false},"featured_media":9385,"template":"","meta":[],"product_brand":[],"product_cat":[58,54],"product_tag":[],"class_list":{"0":"post-8840","1":"product","2":"type-product","3":"status-publish","4":"has-post-thumbnail","6":"product_cat-evidenza","7":"product_cat-felpe-ricamate","9":"first","10":"instock","11":"taxable","12":"shipping-taxable","13":"purchasable","14":"product-type-variable"},"etheme_brands":{"errors":{"invalid_taxonomy":["Tassonomia non valida."]},"error_data":[]},"yoast_head":"<!-- This site is optimized with the Yoast SEO plugin v27.3 - https:\/\/yoast.com\/product\/yoast-seo-wordpress\/ -->\n<title>Assisi Alloro - Mondotshirt<\/title>\n<meta name=\"robots\" content=\"index, follow, max-snippet:-1, max-image-preview:large, max-video-preview:-1\" \/>\n<link rel=\"canonical\" href=\"https:\/\/www.mondotshirt.it\/?product=felpa-degli-innamorati\" \/>\n<meta property=\"og:locale\" content=\"it_IT\" \/>\n<meta property=\"og:type\" content=\"article\" \/>\n<meta property=\"og:title\" content=\"Assisi Alloro - Mondotshirt\" \/>\n<meta property=\"og:description\" content=\"Felpa ricamata, con l&#039;alloro, foglia di ulivo, e colomba della pace.  La grafica si intende prettamente turistica verso la citt\u00e0 di Assisi, ma si pu\u00f2 ricamare con una vostra citt\u00e0 personalizzata.  All&#039;interno dell&#039;alloro si potr\u00e0 inserire il logo della vostra citt\u00e0.  Potete richiedere una grafica personalizzata.\" \/>\n<meta property=\"og:url\" content=\"https:\/\/www.mondotshirt.it\/?product=felpa-degli-innamorati\" \/>\n<meta property=\"og:site_name\" content=\"Mondotshirt\" \/>\n<meta property=\"article:modified_time\" content=\"2024-11-10T16:19:46+00:00\" \/>\n<meta property=\"og:image\" content=\"https:\/\/www.mondotshirt.it\/wp-content\/uploads\/2022\/01\/1-1-scaled.jpg\" \/>\n\t<meta property=\"og:image:width\" content=\"1893\" \/>\n\t<meta property=\"og:image:height\" content=\"2560\" \/>\n\t<meta property=\"og:image:type\" content=\"image\/jpeg\" \/>\n<meta name=\"twitter:card\" content=\"summary_large_image\" \/>\n<script type=\"application\/ld+json\" class=\"yoast-schema-graph\">{\"@context\":\"https:\\\/\\\/schema.org\",\"@graph\":[{\"@type\":\"WebPage\",\"@id\":\"https:\\\/\\\/www.mondotshirt.it\\\/?product=felpa-degli-innamorati\",\"url\":\"https:\\\/\\\/www.mondotshirt.it\\\/?product=felpa-degli-innamorati\",\"name\":\"Assisi Alloro - Mondotshirt\",\"isPartOf\":{\"@id\":\"https:\\\/\\\/www.mondotshirt.it\\\/#website\"},\"primaryImageOfPage\":{\"@id\":\"https:\\\/\\\/www.mondotshirt.it\\\/?product=felpa-degli-innamorati#primaryimage\"},\"image\":{\"@id\":\"https:\\\/\\\/www.mondotshirt.it\\\/?product=felpa-degli-innamorati#primaryimage\"},\"thumbnailUrl\":\"https:\\\/\\\/www.mondotshirt.it\\\/wp-content\\\/uploads\\\/2022\\\/01\\\/1-1-scaled.jpg\",\"datePublished\":\"2022-01-20T15:13:15+00:00\",\"dateModified\":\"2024-11-10T16:19:46+00:00\",\"breadcrumb\":{\"@id\":\"https:\\\/\\\/www.mondotshirt.it\\\/?product=felpa-degli-innamorati#breadcrumb\"},\"inLanguage\":\"it-IT\",\"potentialAction\":[{\"@type\":\"ReadAction\",\"target\":[\"https:\\\/\\\/www.mondotshirt.it\\\/?product=felpa-degli-innamorati\"]}]},{\"@type\":\"ImageObject\",\"inLanguage\":\"it-IT\",\"@id\":\"https:\\\/\\\/www.mondotshirt.it\\\/?product=felpa-degli-innamorati#primaryimage\",\"url\":\"https:\\\/\\\/www.mondotshirt.it\\\/wp-content\\\/uploads\\\/2022\\\/01\\\/1-1-scaled.jpg\",\"contentUrl\":\"https:\\\/\\\/www.mondotshirt.it\\\/wp-content\\\/uploads\\\/2022\\\/01\\\/1-1-scaled.jpg\",\"width\":1893,\"height\":2560},{\"@type\":\"BreadcrumbList\",\"@id\":\"https:\\\/\\\/www.mondotshirt.it\\\/?product=felpa-degli-innamorati#breadcrumb\",\"itemListElement\":[{\"@type\":\"ListItem\",\"position\":1,\"name\":\"Home\",\"item\":\"https:\\\/\\\/www.mondotshirt.it\\\/\"},{\"@type\":\"ListItem\",\"position\":2,\"name\":\"Shop\",\"item\":\"https:\\\/\\\/www.mondotshirt.it\\\/?page_id=6981\"},{\"@type\":\"ListItem\",\"position\":3,\"name\":\"Assisi Alloro\"}]},{\"@type\":\"WebSite\",\"@id\":\"https:\\\/\\\/www.mondotshirt.it\\\/#website\",\"url\":\"https:\\\/\\\/www.mondotshirt.it\\\/\",\"name\":\"Mondotshirt\",\"description\":\"Stampe e ricami nel Centro di Assisi\",\"potentialAction\":[{\"@type\":\"SearchAction\",\"target\":{\"@type\":\"EntryPoint\",\"urlTemplate\":\"https:\\\/\\\/www.mondotshirt.it\\\/?s={search_term_string}\"},\"query-input\":{\"@type\":\"PropertyValueSpecification\",\"valueRequired\":true,\"valueName\":\"search_term_string\"}}],\"inLanguage\":\"it-IT\"}]}<\/script>\n<!-- \/ Yoast SEO plugin. -->","yoast_head_json":{"title":"Assisi Alloro - Mondotshirt","robots":{"index":"index","follow":"follow","max-snippet":"max-snippet:-1","max-image-preview":"max-image-preview:large","max-video-preview":"max-video-preview:-1"},"canonical":"https:\/\/www.mondotshirt.it\/?product=felpa-degli-innamorati","og_locale":"it_IT","og_type":"article","og_title":"Assisi Alloro - Mondotshirt","og_description":"Felpa ricamata, con l'alloro, foglia di ulivo, e colomba della pace.  La grafica si intende prettamente turistica verso la citt\u00e0 di Assisi, ma si pu\u00f2 ricamare con una vostra citt\u00e0 personalizzata.  All'interno dell'alloro si potr\u00e0 inserire il logo della vostra citt\u00e0.  Potete richiedere una grafica personalizzata.","og_url":"https:\/\/www.mondotshirt.it\/?product=felpa-degli-innamorati","og_site_name":"Mondotshirt","article_modified_time":"2024-11-10T16:19:46+00:00","og_image":[{"width":1893,"height":2560,"url":"https:\/\/www.mondotshirt.it\/wp-content\/uploads\/2022\/01\/1-1-scaled.jpg","type":"image\/jpeg"}],"twitter_card":"summary_large_image","schema":{"@context":"https:\/\/schema.org","@graph":[{"@type":"WebPage","@id":"https:\/\/www.mondotshirt.it\/?product=felpa-degli-innamorati","url":"https:\/\/www.mondotshirt.it\/?product=felpa-degli-innamorati","name":"Assisi Alloro - Mondotshirt","isPartOf":{"@id":"https:\/\/www.mondotshirt.it\/#website"},"primaryImageOfPage":{"@id":"https:\/\/www.mondotshirt.it\/?product=felpa-degli-innamorati#primaryimage"},"image":{"@id":"https:\/\/www.mondotshirt.it\/?product=felpa-degli-innamorati#primaryimage"},"thumbnailUrl":"https:\/\/www.mondotshirt.it\/wp-content\/uploads\/2022\/01\/1-1-scaled.jpg","datePublished":"2022-01-20T15:13:15+00:00","dateModified":"2024-11-10T16:19:46+00:00","breadcrumb":{"@id":"https:\/\/www.mondotshirt.it\/?product=felpa-degli-innamorati#breadcrumb"},"inLanguage":"it-IT","potentialAction":[{"@type":"ReadAction","target":["https:\/\/www.mondotshirt.it\/?product=felpa-degli-innamorati"]}]},{"@type":"ImageObject","inLanguage":"it-IT","@id":"https:\/\/www.mondotshirt.it\/?product=felpa-degli-innamorati#primaryimage","url":"https:\/\/www.mondotshirt.it\/wp-content\/uploads\/2022\/01\/1-1-scaled.jpg","contentUrl":"https:\/\/www.mondotshirt.it\/wp-content\/uploads\/2022\/01\/1-1-scaled.jpg","width":1893,"height":2560},{"@type":"BreadcrumbList","@id":"https:\/\/www.mondotshirt.it\/?product=felpa-degli-innamorati#breadcrumb","itemListElement":[{"@type":"ListItem","position":1,"name":"Home","item":"https:\/\/www.mondotshirt.it\/"},{"@type":"ListItem","position":2,"name":"Shop","item":"https:\/\/www.mondotshirt.it\/?page_id=6981"},{"@type":"ListItem","position":3,"name":"Assisi Alloro"}]},{"@type":"WebSite","@id":"https:\/\/www.mondotshirt.it\/#website","url":"https:\/\/www.mondotshirt.it\/","name":"Mondotshirt","description":"Stampe e ricami nel Centro di Assisi","potentialAction":[{"@type":"SearchAction","target":{"@type":"EntryPoint","urlTemplate":"https:\/\/www.mondotshirt.it\/?s={search_term_string}"},"query-input":{"@type":"PropertyValueSpecification","valueRequired":true,"valueName":"search_term_string"}}],"inLanguage":"it-IT"}]}},"_links":{"self":[{"href":"https:\/\/www.mondotshirt.it\/index.php?rest_route=\/wp\/v2\/product\/8840","targetHints":{"allow":["GET"]}}],"collection":[{"href":"https:\/\/www.mondotshirt.it\/index.php?rest_route=\/wp\/v2\/product"}],"about":[{"href":"https:\/\/www.mondotshirt.it\/index.php?rest_route=\/wp\/v2\/types\/product"}],"wp:featuredmedia":[{"embeddable":true,"href":"https:\/\/www.mondotshirt.it\/index.php?rest_route=\/wp\/v2\/media\/9385"}],"wp:attachment":[{"href":"https:\/\/www.mondotshirt.it\/index.php?rest_route=%2Fwp%2Fv2%2Fmedia&parent=8840"}],"wp:term":[{"taxonomy":"product_brand","embeddable":true,"href":"https:\/\/www.mondotshirt.it\/index.php?rest_route=%2Fwp%2Fv2%2Fproduct_brand&post=8840"},{"taxonomy":"product_cat","embeddable":true,"href":"https:\/\/www.mondotshirt.it\/index.php?rest_route=%2Fwp%2Fv2%2Fproduct_cat&post=8840"},{"taxonomy":"product_tag","embeddable":true,"href":"https:\/\/www.mondotshirt.it\/index.php?rest_route=%2Fwp%2Fv2%2Fproduct_tag&post=8840"}],"curies":[{"name":"wp","href":"https:\/\/api.w.org\/{rel}","templated":true}]}}