{"id":3,"date":"2020-05-16T19:52:29","date_gmt":"2020-05-16T17:52:29","guid":{"rendered":"http:\/\/www.mancinellidesign.com\/mondotshirt\/?page_id=3"},"modified":"2020-06-16T16:32:46","modified_gmt":"2020-06-16T14:32:46","slug":"privacy-policy","status":"publish","type":"page","link":"https:\/\/www.mondotshirt.it\/?page_id=3","title":{"rendered":"Privacy Policy"},"content":{"rendered":"\n<p>In questa pagina si descrivono le modalit\u00e0 di gestione del sito in riferimento al trattamento dei dati personali degli utenti che lo consultano.<\/p>\n\n\n\n<p>Si tratta di un\u2019informativa resa ai sensi dell\u2019art. 13 del d.lgs. n. 196\/2003 \u2013 Codice in materia di protezione dei dati personali e&nbsp;<strong>art. 13 e 14 del GDPR &#8211;&nbsp;Regolamento UE 2016\/679, <\/strong>rivolto&nbsp;a coloro che interagiscono con i servizi e le pagine web del sito accessibili per via telematica a partire dall\u2019indirizzo:<\/p>\n\n\n\n<p><strong>www.mondotshirt.com\u00a0 <\/strong>oppure<strong>\u00a0 http:\/\/<strong>mondotshirt<\/strong>.com<\/strong><\/p>\n\n\n\n<p>corrispondente alla pagina iniziale del sito.<\/p>\n\n\n\n<p>L\u2019informativa \u00e8 resa esclusivamente in relazione al sito in oggetto e alle sue parti. La presente non \u00e8 estendibile ad altri siti o pagine non appartenenti al sito stesso consultati dall\u2019utente tramite link.<\/p>\n\n\n\n<p><strong>Titolare e Responsabili del trattamento<\/strong><\/p>\n\n\n\n<p>Titolare del trattamento \u00e8 Maestri Artigiani Italiani srl &#8211; via Orvieto 9 &#8211; 05015 Fabro (TR).<\/p>\n\n\n\n<p>Oltre che dai dipendenti dell\u2019azienda, il trattamento dei dati personali potr\u00e0 essere effettuato anche da soggetti terzi, ai quali l\u2019azienda affida talune attivit\u00e0 (o parte di esse) connesse o strumentali allo svolgimento dei trattamenti o all\u2019erogazione dei servizi offerti. In tale evenienza gli stessi soggetti verranno nominati Responsabili o incaricati del trattamento.<\/p>\n\n\n\n<p><strong>Finalit\u00e0 del trattamento<\/strong><\/p>\n\n\n\n<p>Secondo le esigenze di volta in volta manifestate dall\u2019utente che accede alle varie sezioni del Sito, di seguito sono indicate le finalit\u00e0 del trattamento dei dati personali, cio\u00e8 quelli conferiti direttamente dagli utenti mediante la compilazione dei moduli on-line (si veda la successiva sezione \u201cNatura e modalit\u00e0 del conferimento dei Dati Personali degli utenti\u201d)&nbsp; ovvero quelli acquisiti automaticamente&nbsp; (si veda la seguente sezione \u201cCategorie di Dati Personali oggetto di trattamento\u201d) (di seguito, \u201cDati Personali\u201d):<\/p>\n\n\n\n<ol class=\"wp-block-list\"><li>consentire la registrazione sul Sito, qualora necessaria per l&#8217;accesso a particolari sezioni del Sito stesso e per erogare e gestire gli eventuali servizi offerti;<\/li><li>previo consenso dell&#8217;utente e fino alla revoca dello stesso, effettuare attivit\u00e0 di marketing quali l\u2019invio di materiale promozionale e pubblicitario del Titolare, anche a mezzo di e-mail, mms e sms;<\/li><li>nel rispetto dei requisiti di legge e al fine di personalizzare l\u2019esperienza degli utenti sul Sito e migliorare servizi e prodotti offerti dal Titolare alla propria clientela, previo consenso dell&#8217;utente e fino alla revoca dello stesso, effettuare analisi sulle abitudini o scelte di navigazione o di consumo e definire il profilo degli interessati utilizzando le informazioni fornite da questi ultimi al momento della registrazione, ovvero in occasione della compilazione di questionari o sulla base di azioni compiute o delle informazioni fornite durante la navigazione sul Sito;<\/li><li>rispondere alle richieste degli utenti in relazione a prodotti del Titolare, alla pubblicit\u00e0, o a informazioni generiche (per esempio alla sezione \u201cContattaci\u201d del Sito).<\/li><\/ol>\n\n\n\n<p><strong>Modalit\u00e0 del trattamento<\/strong><\/p>\n\n\n\n<p>Il trattamento verr\u00e0 effettuato attraverso strumenti automatizzati (ad es. utilizzando procedure e supporti elettronici) e\/o manualmente (ad esempio su supporto cartaceo) per il tempo strettamente necessario a conseguire gli scopi per i quali i dati sono stati raccolti e, comunque, in conformit\u00e0 alle disposizioni normative vigenti in materia.<\/p>\n\n\n\n<p><strong>Natura e modalit\u00e0 del conferimento dei Dati Personali degli utenti<\/strong><\/p>\n\n\n\n<p>Il conferimento di dati personali \u00e8 facoltativo, ma per alcuni dati personali il conferimento \u00e8 obbligatorio (cio\u00e8 necessario per quei dati i cui campi sono contraddistinti da un asterisco) affinch\u00e9 il Titolare possa soddisfare le esigenze dell&#8217;utente nell&#8217;ambito delle funzionalit\u00e0 del Sito. Il mancato, parziale o inesatto conferimento dei Dati Personali contrassegnati da un asterisco, in quanto necessari per l&#8217;esecuzione della prestazione richiesta, non rende possibile tale esecuzione; mentre il mancato, parziale o inesatto conferimento dei Dati Personali facoltativi non comporta alcuna conseguenza.<br>Il conferimento dei Dati Personali avviene mediante la compilazione degli appositi campi nelle varie sezioni del Sito. Qualora l\u2019utente abbia omesso di conferire uno o pi\u00f9 dati obbligatori, comparir\u00e0 un messaggio di errore del Titolare con l\u2019elenco dei Dati Personali obbligatori mancanti.<\/p>\n\n\n\n<p><strong>Categorie di Dati Personali oggetto di trattamento<\/strong><\/p>\n\n\n\n<p>Oltre ai Dati Personali conferiti direttamente dagli utenti (quali nome, cognome, indirizzo postale, di posta elettronica, numero di telefono, password, data di nascita, ecc.), in fase di connessione al Sito, i sistemi informatici e le procedure software preposte al funzionamento del Sito stesso somministrano e\/o acquisiscono automaticamente ed indirettamente alcune informazioni che potrebbero costituire dati personali, la cui trasmissione \u00e8 implicita nell&#8217;uso dei protocolli di comunicazione di Internet, quali, in via meramente esemplificativa ma non esaustiva, i c.d. \u201ccookie\u201d (come meglio di seguito specificato), indirizzi \u201cIP\u201d, nomi di dominio dei computer utilizzati dagli utenti che si connettono al Sito, gli indirizzi in notazione \u201cUrl\u201d delle risorse richieste, l\u2019orario della richiesta al server.<\/p>\n\n\n\n<p><strong>Utilizzo dei Cookie<\/strong><\/p>\n\n\n\n<p>I cookie sono righe di testo che fungono da marcatori informatici inviati da un server (in questo caso, quello del presente Sito) all\u2019apparecchio di un utente (generalmente al browser Internet) nel momento in cui questi accede ad una data pagina di un sito web; i cookie sono memorizzati automaticamente dal browser dell\u2019utente e ritrasmessi al server che li ha generati ogni volta che l\u2019utente accede alla stessa pagina Internet. In tal modo, ad esempio, i cookie consentono e\/o facilitano l\u2019accesso ad alcune pagine Internet per migliorare la navigazione dell\u2019utente, ovvero permettono la memorizzazione di pagine visitate e di altre informazioni specifiche, come ad esempio pagine consultate pi\u00f9 frequentemente, errori di connessione, etc. Pertanto, per un utilizzo agevolato e completo di questo Sito, sarebbe opportuno che l\u2019utente configurasse il proprio browser in modo che accetti la ricezione di tali cookie.<br>Spesso i browser sono impostati per accettare automaticamente i cookie. Tuttavia gli utenti possono modificare la configurazione predefinita, in modo da disabilitare o cancellare i cookie (di volta in volta o una volta per tutte), con la conseguenza, per\u00f2, che la fruizione ottimale di alcune aree del Sito potrebbe essere preclusa. \u00c8 anche possibile verificare le modalit\u00e0 e tipologie di cookie memorizzati sul proprio browser modificando le impostazioni sui cookie del proprio browser.<\/p>\n\n\n\n<p><strong>Tipologie e gestione dei Cookie<\/strong><\/p>\n\n\n\n<p><strong>Cookie tecnici o \u201ctechnical cookies\u201d<\/strong><\/p>\n\n\n\n<ul class=\"wp-block-list\"><li><strong>Cookie necessari o \u201cstrictly necessary cookies\u201d:<\/strong><\/li><\/ul>\n\n\n\n<p>Sono necessari per la navigazione su un Sito web e l\u2019utilizzo delle sue funzionalit\u00e0, come ad esempio per consentire una corretta visualizzazione ovvero l\u2019accesso alle aree riservate. Pertanto la disabilitazione di tali cookie non consente dette attivit\u00e0.<\/p>\n\n\n\n<ul class=\"wp-block-list\"><li><strong>Cookie di prestazione o \u201cperformance cookies\u201d:<\/strong><\/li><\/ul>\n\n\n\n<p>Raccolgono informazioni sull\u2019efficienza delle risposte di un Sito web alle richieste degli utenti in forma anonima, al solo fine di migliorare le funzionalit\u00e0 del Sito Internet; per esempio, quali pagine sono pi\u00f9 di frequente visitate dagli utenti, e se vi sono stati errori o rallentamenti nell\u2019erogazione delle pagine web.<\/p>\n\n\n\n<ul class=\"wp-block-list\"><li><strong>Cookie di funzione o \u201cfunctionality cookies\u201d:<\/strong><\/li><\/ul>\n\n\n\n<p>Consentono al Sito di ricordare le scelte operate dall\u2019utente e riproporle ai successivi accessi&nbsp; in modo da fornire servizi migliori e personalizzati: ad esempio, possono essere utilizzati per proporre contenuti simili a quelli gi\u00e0 richiesti dall\u2019utente in precedenza.<\/p>\n\n\n\n<p><strong>Cookie per pubblicit\u00e0 mirata o \u201ctargeting cookies\u201d<\/strong><\/p>\n\n\n\n<p>Sono utilizzati per offrire agli utenti pubblicit\u00e0 potenzialmente vicina ai loro interessi, cos\u00ec come rilevati durante la navigazione. Essi sono ad esempio utilizzati per limitare le somministrazioni di una data pubblicit\u00e0, ovvero per dedurre l\u2019efficacia di una campagna dalla frequenza di visualizzazione della relativa pubblicit\u00e0. Tali cookie possono anche essere somministrati da terze parti, anche per conto di inserzionisti. L\u2019utente pu\u00f2 accettare o meno tali cookie esprimendo il proprio consenso (\u201copt in\u201d) precedentemente alla somministrazione degli stessi. Questo Sito utilizza questa tipologia di cookies.<\/p>\n\n\n\n<p><strong>Google Analytics<\/strong><\/p>\n\n\n\n<p>Questo Sito utilizza Google Analytics, un servizio di analisi web fornito da Google, Inc. (&#8220;Google&#8221;). Google Analytics utilizza &#8220;cookies&#8221;, ossia file di testo che vengono memorizzati sul computer dell\u2019utente per consentire di analizzare come gli utenti utilizzano il Sito. Le informazioni generate dai cookies sull&#8217;utilizzo del Sito da parte dell\u2019Utente verranno trasmesse a un server di Google dove saranno memorizzate. Google utilizzer\u00e0 queste informazioni per analizzare l&#8217;utilizzo del Sito da parte dell\u2019utente, redigere rapporti sulle attivit\u00e0 sul Sito e per fornire ulteriori servizi al gestore del presente Sito correlati all&#8217;utilizzo del Sito e all&#8217;utilizzo di Internet. L&#8217;indirizzo IP trasmesso dal browser dell\u2019utente nell&#8217;ambito di Google Analytics non sar\u00e0 associato ad altri dati in possesso di Google. L\u2019utente pu\u00f2 impedire la memorizzazione dei cookie modificando le impostazioni del software del proprio browser ma ci\u00f2 potrebbe impedire di utilizzare completamente tutte le funzioni di questo Sito. L\u2019utente pu\u00f2 inoltre impedire la registrazione dei dati prodotti dai cookie e relativi al suo utilizzo del Sito (incluso il suo indirizzo IP) su Google nonch\u00e9 l&#8217;elaborazione di questi dati da parte di Google, scaricando e installando il plugin del browser disponibile al seguente indirizzo: <a href=\"http:\/\/tools.google.com\/dlpage\/gaoptout?hl=it\">http:\/\/tools.google.com\/dlpage\/gaoptout?hl=it<\/a>.<br>Utilizzando il Sito, l\u2019utente acconsente al trattamento dei propri dati da parte di Google per le modalit\u00e0 e i fini sopraindicati.<\/p>\n\n\n\n<p><strong>Google Adwords&nbsp;<\/strong><\/p>\n\n\n\n<p>I Siti Web potrebbero utilizzare cookie di terze parti per pubblicare inserzioni definite in base agli interessi degli utenti. Queste informazioni sono raccolte durante la navigazione dell\u2019utente e non vengono in alcun modo collegate all\u2019account con il quale l\u2019utente accede ai Siti Web. In particolare, Google Adwords di Google Inc. utilizza i dati di navigazione all\u2019interno del proprio circuito di pubblicit\u00e0 on line, per proporre annunci maggiormente attinenti agli interessi dell\u2019utente. Il Titolare sfrutta questa tecnologia e utilizza i dati di navigazione all\u2019interno del Sito per proporre all\u2019utente pubblicit\u00e0 mirate basate sugli interessi.<\/p>\n\n\n\n<p>L\u2019utente pu\u00f2 impedire la memorizzazione dei cookie modificando le impostazioni del software del proprio browser. L\u2019utente pu\u00f2 inoltre impedire la registrazione dei dati prodotti dai cookie e relativi al suo utilizzo del Sito (incluso il suo indirizzo IP) su Google nonch\u00e9 l&#8217;elaborazione di questi dati da parte di Google, scaricando e installando il plugin del browser disponibile al seguente indirizzo: <a href=\"http:\/\/tools.google.com\/dlpage\/gaoptout?hl=it\">http:\/\/tools.google.com\/dlpage\/gaoptout?hl=it<\/a>.<br>Utilizzando il Sito, l\u2019utente acconsente al trattamento dei propri dati da parte di Google per le modalit\u00e0 e i fini sopraindicati.<\/p>\n\n\n\n<p><strong>Cookie di social media sharing<\/strong><\/p>\n\n\n\n<p>Questi cookie di terze parti &#8211; qualora presenti i collegamenti sul sito &#8211; vengono utilizzati per integrare alcune diffuse funzionalit\u00e0 dei principali social media e fornirle all&#8217;interno del sito. In particolare permettono la registrazione e l&#8217;autenticazione sul sito tramite Facebook e Google connect, la condivisione e i commenti di pagine del sito sui social, abilitano le funzionalit\u00e0 del &#8220;mi piace&#8221; su Facebook e del &#8220;+1&#8221; su G+. Di seguito gli indirizzi delle rispettive pagine di cookies policy per gestire il consenso.<\/p>\n\n\n\n<p>Facebook &#8211; https:\/\/www.facebook.com\/about\/privacy\/<br>Instagram &#8211; https:\/\/help.instagram.com\/196883487377501<br>G+ &#8211; https:\/\/www.google.com\/intl\/it\/policies\/<br>Youtube &#8211; https:\/\/www.youtube.com\/static?template=privacy_guidelines<br>Twitter&nbsp; &#8211; https:\/\/twitter.com\/privacy<br>Linkedin &#8211; http:\/\/www.linkedin.com\/legal\/privacy-policy<br>Pinterest &#8211; https:\/\/about.pinterest.com\/it\/privacy-policy<\/p>\n\n\n\n<p><strong>Disabilitazione (\u201copt-out\u201d) per i cookie<\/strong><\/p>\n\n\n\n<p>Le norme sulla protezione dei dati personali prevedono che l\u2019utente possa disabilitare cookie gi\u00e0 somministrati (\u201copt-out\u201d). L\u2019opt-out \u00e8 previsto per i cd. \u201ccookie tecnici\u201d (art. 122 del Codice),&nbsp; nonch\u00e9 per i cookie che non rientrino tra i \u201ccookie tecnici\u201d precedentemente accettati (\u201copt in\u201d) dall\u2019utente.<br>In forza di tale distinzione, l\u2019utente potr\u00e0 procedere alla disabilitazione e\/o cancellazione dei cookie (\u201copt-out\u201d) mediante le relative impostazioni del proprio browser e alla disabilitazione e\/o cancellazione dei singoli cookie non \u201ctecnici\u201d somministrati dalle terze parti accedendo, nel caso degli utenti con sede nell\u2019Unione Europea, al sito web gestito da European Interactive Digital Advertising Alliance (EDAA) all\u2019indirizzo <a href=\"http:\/\/www.youronlinechoices.eu\/\">www.youronlinechoices.eu<\/a> e, nel caso degli utenti residenti negli Stati Uniti d\u2019America, all\u2019indirizzo <a href=\"http:\/\/www.aboutads.info\/choises\/\">http:\/\/www.aboutads.info\/choises\/<\/a> . Tali siti non sono gestiti dal Titolare, che non si assume dunque alcuna responsabilit\u00e0 in relazione ai rispettivi contenuti.<\/p>\n\n\n\n<p><strong>Come abilitare o disabilitare i cookie sui propri browser<\/strong><\/p>\n\n\n\n<p>L\u2019utente pu\u00f2 bloccare l\u2019accettazione di cookie da parte del browser di navigazione. Tuttavia, questa operazione potrebbe impedire ad alcune funzioni delle pagine web di essere eseguite correttamente.<br>Di seguito riportiamo le modalit\u00e0 offerte dai principali browser per bloccare l\u2019accettazione di cookie di navigazione:<br>Internet Explorer: <em>http:\/\/windows.microsoft.com\/it-it\/internet-explorer\/delete-manage-cookies#ie=ie-11<\/em><br>Firefox: <em>https:\/\/support.mozilla.org\/it\/kb\/Gestione%20dei%20cookie<\/em><br>Chrome: <em>https:\/\/support.google.com\/chrome\/answer\/95647?hl=it<\/em><br>Safari<em>: http:\/\/support.apple.com\/kb\/HT1677?viewlocale=it_IT<\/em><\/p>\n\n\n\n<p><strong>Categorie di soggetti che potranno venire a conoscenza dei Dati Personali degli utenti<\/strong><\/p>\n\n\n\n<p>I Dati Personali potranno essere portati a conoscenza di dipendenti o collaboratori del Titolare oppure soggetti terzi che, operando sotto la diretta autorit\u00e0 di quest&#8217;ultimo, sono nominati responsabili o incaricati del trattamento ai sensi degli artt. 29 e 30 del Codice e che riceveranno al riguardo adeguate istruzioni operative; lo stesso avverr\u00e0 \u2013 a cura dei Responsabili nominati dal Titolare \u2013 nei confronti dei dipendenti o collaboratori dei Responsabili.<\/p>\n\n\n\n<p><strong>I diritti degli utenti riconosciuti dall\u2019art. 7 del Codice<\/strong><\/p>\n\n\n\n<p>\u201cArticolo 7 &#8211; Diritto di accesso ai dati personali ed altri diritti\u201d<br>1. L&#8217;interessato ha diritto di ottenere la conferma dell&#8217;esistenza o meno di dati personali che lo riguardano, anche se non ancora registrati, e la loro comunicazione in forma intelligibile.<br>2. L&#8217;interessato ha diritto di ottenere l&#8217;indicazione:<br>a) dell&#8217;origine dei dati personali;<br>b) delle finalit\u00e0 e modalit\u00e0 del trattamento;<br>c) della logica applicata in caso di trattamento effettuato con l&#8217;ausilio di strumenti elettronici;<br>d) degli estremi identificativi del titolare, dei responsabili e del rappresentante designato ai sensi dell&#8217;articolo 5, comma 2;<br>e) dei soggetti o delle categorie di soggetti ai quali i dati personali possono essere comunicati o che possono venirne a conoscenza in qualit\u00e0 di rappresentante designato nel territorio dello Stato, di responsabili o incaricati.<br>3. L&#8217;interessato ha diritto di ottenere:<br>a) l&#8217;aggiornamento, la rettificazione ovvero, quando vi ha interesse, l&#8217;integrazione dei dati;<br>b) la cancellazione, la trasformazione in forma anonima o il blocco dei dati trattati in violazione di legge, compresi quelli di cui non \u00e8 necessaria la conservazione in relazione agli scopi per i quali i dati sono stati raccolti o successivamente trattati;<br>c) l&#8217;attestazione che le operazioni di cui alle lettere a) e b) sono state portate a conoscenza, anche per quanto riguarda il loro contenuto, di coloro ai quali i dati sono stati comunicati o diffusi, eccettuato il caso in cui tale adempimento si rivela impossibile o comporta un impiego di mezzi manifestamente sproporzionato rispetto al diritto tutelato.<br>4. L&#8217;interessato ha diritto di opporsi, in tutto o in parte:<br>a) per motivi legittimi al trattamento dei dati personali che lo riguardano, ancorch\u00e9 pertinenti allo scopo della raccolta;<br>b) al trattamento di dati personali che lo riguardano a fini di invio di materiale pubblicitario o di vendita diretta o per il compimento di ricerche di mercato o di comunicazione commerciale.<\/p>\n\n\n\n<p><strong>Modalit\u00e0 di esercizio dei diritti di cui all&#8217;art. 7 e per conoscere l&#8217;elenco dei Responsabili del trattamento<\/strong><\/p>\n\n\n\n<p>L\u2019utente potr\u00e0, in qualunque momento, esercitare i diritti di cui all\u2019art. 7 del Codice inviando un messaggio di posta elettronica oppure una lettera da spedirsi tramite posta ordinaria al Titolare del trattamento dei dati personali del caso.<\/p>\n\n\n\n<p>L&#8217;utente, inoltre, qualora vi abbia consentito, potr\u00e0 opporsi al trattamento effettuato mediante l&#8217;indirizzo di posta elettronica dell&#8217;utente stesso, cliccando su un apposito &#8220;link&#8221; presente in ogni messaggio di posta elettronica.<\/p>\n","protected":false},"excerpt":{"rendered":"<p>In questa pagina si descrivono le modalit\u00e0 di gestione del sito in riferimento al trattamento dei dati personali degli utenti che lo consultano. Si tratta&#8230;<\/p>\n","protected":false},"author":1,"featured_media":0,"parent":0,"menu_order":0,"comment_status":"closed","ping_status":"closed","template":"","meta":{"footnotes":""},"class_list":["post-3","page","type-page","status-publish","hentry"],"yoast_head":"<!-- This site is optimized with the Yoast SEO plugin v27.3 - https:\/\/yoast.com\/product\/yoast-seo-wordpress\/ -->\n<title>Privacy Policy - Mondotshirt<\/title>\n<meta name=\"robots\" content=\"index, follow, max-snippet:-1, max-image-preview:large, max-video-preview:-1\" \/>\n<link rel=\"canonical\" href=\"https:\/\/www.mondotshirt.it\/?page_id=3\" \/>\n<meta property=\"og:locale\" content=\"it_IT\" \/>\n<meta property=\"og:type\" content=\"article\" \/>\n<meta property=\"og:title\" content=\"Privacy Policy - Mondotshirt\" \/>\n<meta property=\"og:description\" content=\"In questa pagina si descrivono le modalit\u00e0 di gestione del sito in riferimento al trattamento dei dati personali degli utenti che lo consultano. Si tratta...\" \/>\n<meta property=\"og:url\" content=\"https:\/\/www.mondotshirt.it\/?page_id=3\" \/>\n<meta property=\"og:site_name\" content=\"Mondotshirt\" \/>\n<meta property=\"article:modified_time\" content=\"2020-06-16T14:32:46+00:00\" \/>\n<meta name=\"twitter:card\" content=\"summary_large_image\" \/>\n<meta name=\"twitter:label1\" content=\"Tempo di lettura stimato\" \/>\n\t<meta name=\"twitter:data1\" content=\"12 minuti\" \/>\n<script type=\"application\/ld+json\" class=\"yoast-schema-graph\">{\"@context\":\"https:\\\/\\\/schema.org\",\"@graph\":[{\"@type\":\"WebPage\",\"@id\":\"https:\\\/\\\/www.mondotshirt.it\\\/?page_id=3\",\"url\":\"https:\\\/\\\/www.mondotshirt.it\\\/?page_id=3\",\"name\":\"Privacy Policy - Mondotshirt\",\"isPartOf\":{\"@id\":\"https:\\\/\\\/www.mondotshirt.it\\\/#website\"},\"datePublished\":\"2020-05-16T17:52:29+00:00\",\"dateModified\":\"2020-06-16T14:32:46+00:00\",\"breadcrumb\":{\"@id\":\"https:\\\/\\\/www.mondotshirt.it\\\/?page_id=3#breadcrumb\"},\"inLanguage\":\"it-IT\",\"potentialAction\":[{\"@type\":\"ReadAction\",\"target\":[\"https:\\\/\\\/www.mondotshirt.it\\\/?page_id=3\"]}]},{\"@type\":\"BreadcrumbList\",\"@id\":\"https:\\\/\\\/www.mondotshirt.it\\\/?page_id=3#breadcrumb\",\"itemListElement\":[{\"@type\":\"ListItem\",\"position\":1,\"name\":\"Home\",\"item\":\"https:\\\/\\\/www.mondotshirt.it\\\/\"},{\"@type\":\"ListItem\",\"position\":2,\"name\":\"Privacy Policy\"}]},{\"@type\":\"WebSite\",\"@id\":\"https:\\\/\\\/www.mondotshirt.it\\\/#website\",\"url\":\"https:\\\/\\\/www.mondotshirt.it\\\/\",\"name\":\"Mondotshirt\",\"description\":\"Stampe e ricami nel Centro di Assisi\",\"potentialAction\":[{\"@type\":\"SearchAction\",\"target\":{\"@type\":\"EntryPoint\",\"urlTemplate\":\"https:\\\/\\\/www.mondotshirt.it\\\/?s={search_term_string}\"},\"query-input\":{\"@type\":\"PropertyValueSpecification\",\"valueRequired\":true,\"valueName\":\"search_term_string\"}}],\"inLanguage\":\"it-IT\"}]}<\/script>\n<!-- \/ Yoast SEO plugin. -->","yoast_head_json":{"title":"Privacy Policy - Mondotshirt","robots":{"index":"index","follow":"follow","max-snippet":"max-snippet:-1","max-image-preview":"max-image-preview:large","max-video-preview":"max-video-preview:-1"},"canonical":"https:\/\/www.mondotshirt.it\/?page_id=3","og_locale":"it_IT","og_type":"article","og_title":"Privacy Policy - Mondotshirt","og_description":"In questa pagina si descrivono le modalit\u00e0 di gestione del sito in riferimento al trattamento dei dati personali degli utenti che lo consultano. Si tratta...","og_url":"https:\/\/www.mondotshirt.it\/?page_id=3","og_site_name":"Mondotshirt","article_modified_time":"2020-06-16T14:32:46+00:00","twitter_card":"summary_large_image","twitter_misc":{"Tempo di lettura stimato":"12 minuti"},"schema":{"@context":"https:\/\/schema.org","@graph":[{"@type":"WebPage","@id":"https:\/\/www.mondotshirt.it\/?page_id=3","url":"https:\/\/www.mondotshirt.it\/?page_id=3","name":"Privacy Policy - Mondotshirt","isPartOf":{"@id":"https:\/\/www.mondotshirt.it\/#website"},"datePublished":"2020-05-16T17:52:29+00:00","dateModified":"2020-06-16T14:32:46+00:00","breadcrumb":{"@id":"https:\/\/www.mondotshirt.it\/?page_id=3#breadcrumb"},"inLanguage":"it-IT","potentialAction":[{"@type":"ReadAction","target":["https:\/\/www.mondotshirt.it\/?page_id=3"]}]},{"@type":"BreadcrumbList","@id":"https:\/\/www.mondotshirt.it\/?page_id=3#breadcrumb","itemListElement":[{"@type":"ListItem","position":1,"name":"Home","item":"https:\/\/www.mondotshirt.it\/"},{"@type":"ListItem","position":2,"name":"Privacy Policy"}]},{"@type":"WebSite","@id":"https:\/\/www.mondotshirt.it\/#website","url":"https:\/\/www.mondotshirt.it\/","name":"Mondotshirt","description":"Stampe e ricami nel Centro di Assisi","potentialAction":[{"@type":"SearchAction","target":{"@type":"EntryPoint","urlTemplate":"https:\/\/www.mondotshirt.it\/?s={search_term_string}"},"query-input":{"@type":"PropertyValueSpecification","valueRequired":true,"valueName":"search_term_string"}}],"inLanguage":"it-IT"}]}},"_links":{"self":[{"href":"https:\/\/www.mondotshirt.it\/index.php?rest_route=\/wp\/v2\/pages\/3","targetHints":{"allow":["GET"]}}],"collection":[{"href":"https:\/\/www.mondotshirt.it\/index.php?rest_route=\/wp\/v2\/pages"}],"about":[{"href":"https:\/\/www.mondotshirt.it\/index.php?rest_route=\/wp\/v2\/types\/page"}],"author":[{"embeddable":true,"href":"https:\/\/www.mondotshirt.it\/index.php?rest_route=\/wp\/v2\/users\/1"}],"replies":[{"embeddable":true,"href":"https:\/\/www.mondotshirt.it\/index.php?rest_route=%2Fwp%2Fv2%2Fcomments&post=3"}],"version-history":[{"count":2,"href":"https:\/\/www.mondotshirt.it\/index.php?rest_route=\/wp\/v2\/pages\/3\/revisions"}],"predecessor-version":[{"id":7019,"href":"https:\/\/www.mondotshirt.it\/index.php?rest_route=\/wp\/v2\/pages\/3\/revisions\/7019"}],"wp:attachment":[{"href":"https:\/\/www.mondotshirt.it\/index.php?rest_route=%2Fwp%2Fv2%2Fmedia&parent=3"}],"curies":[{"name":"wp","href":"https:\/\/api.w.org\/{rel}","templated":true}]}}